{"id":205,"date":"2020-12-03T18:39:23","date_gmt":"2020-12-03T18:39:23","guid":{"rendered":"http:\/\/www.stiz.cz\/?page_id=205"},"modified":"2020-12-16T20:05:13","modified_gmt":"2020-12-16T20:05:13","slug":"uvod","status":"publish","type":"page","link":"https:\/\/www.stiz.cz\/","title":{"rendered":"\u00davod"},"content":{"rendered":"\n<div class=\"wp-block-envira-envira-gallery\"><div id=\"envira-gallery-wrap-244\" class=\"envira-gallery-wrap envira-gallery-theme-base envira-lightbox-theme-base\" itemscope itemtype=\"https:\/\/schema.org\/ImageGallery\"><div data-row-height=\"150\" data-gallery-theme=\"normal\" id=\"envira-gallery-244\" class=\"envira-gallery-public envira-gallery-justified-public envira-gallery-0-columns envira-clear enviratope envira-gallery-css-animations\" data-envira-columns=\"0\"><div id=\"envira-gallery-item-242\" class=\"envira-gallery-item enviratope-item envira-gallery-item-1 envira-lazy-load\" style=\"padding-left: 10px; padding-bottom: 20px; padding-right: 10px;\"  itemscope itemtype=\"https:\/\/schema.org\/ImageObject\"><div class=\"envira-gallery-item-inner\"><div class=\"envira-gallery-position-overlay  envira-gallery-top-left\"><\/div><div class=\"envira-gallery-position-overlay  envira-gallery-top-right\"><\/div><div class=\"envira-gallery-position-overlay  envira-gallery-bottom-left\"><\/div><div class=\"envira-gallery-position-overlay  envira-gallery-bottom-right\"><\/div><a href=\"https:\/\/www.stiz.cz\/wp-content\/uploads\/2020\/12\/zatepleni-domu-s-fasadou-systemem-BAUMIT-scaled.jpg\" class=\"envira-gallery-244 envira-gallery-link\" rel=\"enviragallery244\" title=\"OLYMPUS DIGITAL CAMERA\" data-envira-caption=\"OLYMPUS DIGITAL CAMERA\" data-envira-retina=\"\" data-thumbnail=\"\"  itemprop=\"contentUrl\"><img decoding=\"async\" id=\"envira-gallery-image-242\" class=\"envira-gallery-image envira-gallery-image-1 envira-normal envira-lazy\" data-envira-index=\"1\" src=\"https:\/\/www.stiz.cz\/wp-content\/uploads\/2020\/12\/zatepleni-domu-s-fasadou-systemem-BAUMIT-1024x768-640x480.jpg\" data-envira-src=\"https:\/\/www.stiz.cz\/wp-content\/uploads\/2020\/12\/zatepleni-domu-s-fasadou-systemem-BAUMIT-1024x768-640x480.jpg\" data-envira-gallery-id=\"244\" data-envira-item-id=\"242\" data-envira-caption=\"OLYMPUS DIGITAL CAMERA\" alt=\"\" title=\"OLYMPUS DIGITAL CAMERA\"  itemprop=\"thumbnailUrl\" data-envira-srcset=\"https:\/\/www.stiz.cz\/wp-content\/uploads\/2020\/12\/zatepleni-domu-s-fasadou-systemem-BAUMIT-1024x768-640x480.jpg 400w,https:\/\/www.stiz.cz\/wp-content\/uploads\/2020\/12\/zatepleni-domu-s-fasadou-systemem-BAUMIT-1024x768-640x480.jpg 2x\" data-envira-width=\"300\" data-envira-height=\"225\" srcset=\"data:image\/gif;base64,R0lGODlhAQABAIAAAP\/\/\/\/\/\/\/yH5BAEKAAEALAAAAAABAAEAAAICTAEAOw==\" data-safe-src=\"data:image\/gif;base64,R0lGODlhAQABAIAAAP\/\/\/\/\/\/\/yH5BAEKAAEALAAAAAABAAEAAAICTAEAOw==\" \/><\/a><\/div><\/div><div id=\"envira-gallery-item-241\" class=\"envira-gallery-item enviratope-item envira-gallery-item-2 envira-lazy-load\" style=\"padding-left: 10px; padding-bottom: 20px; padding-right: 10px;\"  itemscope itemtype=\"https:\/\/schema.org\/ImageObject\"><div class=\"envira-gallery-item-inner\"><div class=\"envira-gallery-position-overlay  envira-gallery-top-left\"><\/div><div class=\"envira-gallery-position-overlay  envira-gallery-top-right\"><\/div><div class=\"envira-gallery-position-overlay  envira-gallery-bottom-left\"><\/div><div class=\"envira-gallery-position-overlay  envira-gallery-bottom-right\"><\/div><a href=\"https:\/\/www.stiz.cz\/wp-content\/uploads\/2020\/12\/P8115575-scaled.jpg\" class=\"envira-gallery-244 envira-gallery-link\" rel=\"enviragallery244\" title=\"OLYMPUS DIGITAL CAMERA\" data-envira-caption=\"OLYMPUS DIGITAL CAMERA\" data-envira-retina=\"\" data-thumbnail=\"\"  itemprop=\"contentUrl\"><img decoding=\"async\" id=\"envira-gallery-image-241\" class=\"envira-gallery-image envira-gallery-image-2 envira-normal envira-lazy\" data-envira-index=\"2\" src=\"https:\/\/www.stiz.cz\/wp-content\/uploads\/2020\/12\/P8115575-1024x768-640x480.jpg\" data-envira-src=\"https:\/\/www.stiz.cz\/wp-content\/uploads\/2020\/12\/P8115575-1024x768-640x480.jpg\" data-envira-gallery-id=\"244\" data-envira-item-id=\"241\" data-envira-caption=\"OLYMPUS DIGITAL CAMERA\" alt=\"\" title=\"OLYMPUS DIGITAL CAMERA\"  itemprop=\"thumbnailUrl\" data-envira-srcset=\"https:\/\/www.stiz.cz\/wp-content\/uploads\/2020\/12\/P8115575-1024x768-640x480.jpg 400w,https:\/\/www.stiz.cz\/wp-content\/uploads\/2020\/12\/P8115575-1024x768-640x480.jpg 2x\" data-envira-width=\"300\" data-envira-height=\"225\" srcset=\"data:image\/gif;base64,R0lGODlhAQABAIAAAP\/\/\/\/\/\/\/yH5BAEKAAEALAAAAAABAAEAAAICTAEAOw==\" data-safe-src=\"data:image\/gif;base64,R0lGODlhAQABAIAAAP\/\/\/\/\/\/\/yH5BAEKAAEALAAAAAABAAEAAAICTAEAOw==\" \/><\/a><\/div><\/div><div id=\"envira-gallery-item-240\" class=\"envira-gallery-item enviratope-item envira-gallery-item-3 envira-lazy-load\" style=\"padding-left: 10px; padding-bottom: 20px; padding-right: 10px;\"  itemscope itemtype=\"https:\/\/schema.org\/ImageObject\"><div class=\"envira-gallery-item-inner\"><div class=\"envira-gallery-position-overlay  envira-gallery-top-left\"><\/div><div class=\"envira-gallery-position-overlay  envira-gallery-top-right\"><\/div><div class=\"envira-gallery-position-overlay  envira-gallery-bottom-left\"><\/div><div class=\"envira-gallery-position-overlay  envira-gallery-bottom-right\"><\/div><a href=\"https:\/\/www.stiz.cz\/wp-content\/uploads\/2020\/12\/P8180551-scaled.jpg\" class=\"envira-gallery-244 envira-gallery-link\" rel=\"enviragallery244\" title=\"OLYMPUS DIGITAL CAMERA\" data-envira-caption=\"OLYMPUS DIGITAL CAMERA\" data-envira-retina=\"\" data-thumbnail=\"\"  itemprop=\"contentUrl\"><img decoding=\"async\" id=\"envira-gallery-image-240\" class=\"envira-gallery-image envira-gallery-image-3 envira-normal envira-lazy\" data-envira-index=\"3\" src=\"https:\/\/www.stiz.cz\/wp-content\/uploads\/2020\/12\/P8180551-1024x768-640x480.jpg\" data-envira-src=\"https:\/\/www.stiz.cz\/wp-content\/uploads\/2020\/12\/P8180551-1024x768-640x480.jpg\" data-envira-gallery-id=\"244\" data-envira-item-id=\"240\" data-envira-caption=\"OLYMPUS DIGITAL CAMERA\" alt=\"\" title=\"OLYMPUS DIGITAL CAMERA\"  itemprop=\"thumbnailUrl\" data-envira-srcset=\"https:\/\/www.stiz.cz\/wp-content\/uploads\/2020\/12\/P8180551-1024x768-640x480.jpg 400w,https:\/\/www.stiz.cz\/wp-content\/uploads\/2020\/12\/P8180551-1024x768-640x480.jpg 2x\" data-envira-width=\"300\" data-envira-height=\"225\" srcset=\"data:image\/gif;base64,R0lGODlhAQABAIAAAP\/\/\/\/\/\/\/yH5BAEKAAEALAAAAAABAAEAAAICTAEAOw==\" data-safe-src=\"data:image\/gif;base64,R0lGODlhAQABAIAAAP\/\/\/\/\/\/\/yH5BAEKAAEALAAAAAABAAEAAAICTAEAOw==\" \/><\/a><\/div><\/div><div id=\"envira-gallery-item-239\" class=\"envira-gallery-item enviratope-item envira-gallery-item-4 envira-lazy-load\" style=\"padding-left: 10px; padding-bottom: 20px; padding-right: 10px;\"  itemscope itemtype=\"https:\/\/schema.org\/ImageObject\"><div class=\"envira-gallery-item-inner\"><div class=\"envira-gallery-position-overlay  envira-gallery-top-left\"><\/div><div class=\"envira-gallery-position-overlay  envira-gallery-top-right\"><\/div><div class=\"envira-gallery-position-overlay  envira-gallery-bottom-left\"><\/div><div class=\"envira-gallery-position-overlay  envira-gallery-bottom-right\"><\/div><a href=\"https:\/\/www.stiz.cz\/wp-content\/uploads\/2020\/12\/IMG_20180529_155748.jpg\" class=\"envira-gallery-244 envira-gallery-link\" rel=\"enviragallery244\" title=\"IMG_20180529_155748\" data-envira-caption=\"IMG_20180529_155748\" data-envira-retina=\"\" data-thumbnail=\"\"  itemprop=\"contentUrl\"><img decoding=\"async\" id=\"envira-gallery-image-239\" class=\"envira-gallery-image envira-gallery-image-4 envira-normal envira-lazy\" data-envira-index=\"4\" src=\"https:\/\/www.stiz.cz\/wp-content\/uploads\/2020\/12\/IMG_20180529_155748-1024x768-640x480.jpg\" data-envira-src=\"https:\/\/www.stiz.cz\/wp-content\/uploads\/2020\/12\/IMG_20180529_155748-1024x768-640x480.jpg\" data-envira-gallery-id=\"244\" data-envira-item-id=\"239\" data-envira-caption=\"IMG_20180529_155748\" alt=\"\" title=\"IMG_20180529_155748\"  itemprop=\"thumbnailUrl\" data-envira-srcset=\"https:\/\/www.stiz.cz\/wp-content\/uploads\/2020\/12\/IMG_20180529_155748-1024x768-640x480.jpg 400w,https:\/\/www.stiz.cz\/wp-content\/uploads\/2020\/12\/IMG_20180529_155748-1024x768-640x480.jpg 2x\" data-envira-width=\"300\" data-envira-height=\"225\" srcset=\"data:image\/gif;base64,R0lGODlhAQABAIAAAP\/\/\/\/\/\/\/yH5BAEKAAEALAAAAAABAAEAAAICTAEAOw==\" data-safe-src=\"data:image\/gif;base64,R0lGODlhAQABAIAAAP\/\/\/\/\/\/\/yH5BAEKAAEALAAAAAABAAEAAAICTAEAOw==\" \/><\/a><\/div><\/div><div id=\"envira-gallery-item-238\" class=\"envira-gallery-item enviratope-item envira-gallery-item-5 envira-lazy-load\" style=\"padding-left: 10px; padding-bottom: 20px; padding-right: 10px;\"  itemscope itemtype=\"https:\/\/schema.org\/ImageObject\"><div class=\"envira-gallery-item-inner\"><div class=\"envira-gallery-position-overlay  envira-gallery-top-left\"><\/div><div class=\"envira-gallery-position-overlay  envira-gallery-top-right\"><\/div><div class=\"envira-gallery-position-overlay  envira-gallery-bottom-left\"><\/div><div class=\"envira-gallery-position-overlay  envira-gallery-bottom-right\"><\/div><a href=\"https:\/\/www.stiz.cz\/wp-content\/uploads\/2020\/12\/RUUKKI-1.jpg\" class=\"envira-gallery-244 envira-gallery-link\" rel=\"enviragallery244\" title=\"RUUKKI &amp;amp;#8211; 1\" data-envira-caption=\"RUUKKI &amp;amp;#8211; 1\" data-envira-retina=\"\" data-thumbnail=\"\"  itemprop=\"contentUrl\"><img decoding=\"async\" id=\"envira-gallery-image-238\" class=\"envira-gallery-image envira-gallery-image-5 envira-normal envira-lazy\" data-envira-index=\"5\" src=\"https:\/\/www.stiz.cz\/wp-content\/uploads\/2020\/12\/RUUKKI-1-640x480.jpg\" data-envira-src=\"https:\/\/www.stiz.cz\/wp-content\/uploads\/2020\/12\/RUUKKI-1-640x480.jpg\" data-envira-gallery-id=\"244\" data-envira-item-id=\"238\" data-envira-caption=\"RUUKKI &amp;amp;#8211; 1\" alt=\"\" title=\"RUUKKI &amp;#8211; 1\"  itemprop=\"thumbnailUrl\" data-envira-srcset=\"https:\/\/www.stiz.cz\/wp-content\/uploads\/2020\/12\/RUUKKI-1-640x480.jpg 400w,https:\/\/www.stiz.cz\/wp-content\/uploads\/2020\/12\/RUUKKI-1-640x480.jpg 2x\" data-envira-width=\"300\" data-envira-height=\"200\" srcset=\"data:image\/gif;base64,R0lGODlhAQABAIAAAP\/\/\/\/\/\/\/yH5BAEKAAEALAAAAAABAAEAAAICTAEAOw==\" data-safe-src=\"data:image\/gif;base64,R0lGODlhAQABAIAAAP\/\/\/\/\/\/\/yH5BAEKAAEALAAAAAABAAEAAAICTAEAOw==\" \/><\/a><\/div><\/div><\/div><\/div><noscript><img decoding=\"async\" src=\"https:\/\/www.stiz.cz\/wp-content\/uploads\/2020\/12\/zatepleni-domu-s-fasadou-systemem-BAUMIT-scaled.jpg\" alt=\"\" \/><img decoding=\"async\" src=\"https:\/\/www.stiz.cz\/wp-content\/uploads\/2020\/12\/P8115575-scaled.jpg\" alt=\"\" \/><img decoding=\"async\" src=\"https:\/\/www.stiz.cz\/wp-content\/uploads\/2020\/12\/P8180551-scaled.jpg\" alt=\"\" \/><img decoding=\"async\" src=\"https:\/\/www.stiz.cz\/wp-content\/uploads\/2020\/12\/IMG_20180529_155748.jpg\" alt=\"\" \/><img decoding=\"async\" src=\"https:\/\/www.stiz.cz\/wp-content\/uploads\/2020\/12\/RUUKKI-1.jpg\" alt=\"\" \/><\/noscript><\/div>\n\n\n\n<blockquote class=\"wp-block-quote has-text-align-center is-layout-flow wp-block-quote-is-layout-flow\"><p><strong>\u201ePot\u0159ebujete novou plochou nebo \u0161ikmou st\u0159echu, fas\u00e1du nebo jen d\u00edl\u010d\u00ed opravu Va\u0161eho domu?\u201c<\/strong><\/p><\/blockquote>\n\n\n\n<figure class=\"wp-block-image alignwide size-large\"><img loading=\"lazy\" decoding=\"async\" width=\"709\" height=\"362\" src=\"https:\/\/www.stiz.cz\/wp-content\/uploads\/2020\/12\/hydroizolace-strech-PVC-folii-a-zatepleni-budov-BAUMIT-4.jpg\" alt=\"\" class=\"wp-image-246\" srcset=\"https:\/\/www.stiz.cz\/wp-content\/uploads\/2020\/12\/hydroizolace-strech-PVC-folii-a-zatepleni-budov-BAUMIT-4.jpg 709w, https:\/\/www.stiz.cz\/wp-content\/uploads\/2020\/12\/hydroizolace-strech-PVC-folii-a-zatepleni-budov-BAUMIT-4-300x153.jpg 300w\" sizes=\"auto, (max-width: 709px) 100vw, 709px\" \/><\/figure>\n\n\n\n<h3 class=\"has-text-align-center wp-block-heading\"><strong>S&nbsp;n\u00e1mi z\u00edsk\u00e1te kvalitu, spolehlivost a rozumnou cenu!!!!<\/strong><\/h3>\n\n\n\n<p><\/p>\n","protected":false},"excerpt":{"rendered":"<p>\u201ePot\u0159ebujete novou plochou nebo \u0161ikmou st\u0159echu, fas\u00e1du nebo jen d\u00edl\u010d\u00ed opravu Va\u0161eho domu?\u201c S&nbsp;n\u00e1mi z\u00edsk\u00e1te kvalitu, spolehlivost a rozumnou cenu!!!!<\/p>\n","protected":false},"author":1,"featured_media":0,"parent":0,"menu_order":1,"comment_status":"closed","ping_status":"closed","template":"","meta":{"_monsterinsights_skip_tracking":false,"_monsterinsights_sitenote_active":false,"_monsterinsights_sitenote_note":"","_monsterinsights_sitenote_category":0,"neve_meta_sidebar":"full-width","neve_meta_container":"","neve_meta_enable_content_width":"on","neve_meta_content_width":100,"neve_meta_title_alignment":"","neve_meta_author_avatar":"","neve_post_elements_order":"","neve_meta_disable_header":"","neve_meta_disable_footer":"","neve_meta_disable_title":"","ngg_post_thumbnail":0,"footnotes":""},"class_list":["post-205","page","type-page","status-publish","hentry"],"_links":{"self":[{"href":"https:\/\/www.stiz.cz\/index.php\/wp-json\/wp\/v2\/pages\/205","targetHints":{"allow":["GET"]}}],"collection":[{"href":"https:\/\/www.stiz.cz\/index.php\/wp-json\/wp\/v2\/pages"}],"about":[{"href":"https:\/\/www.stiz.cz\/index.php\/wp-json\/wp\/v2\/types\/page"}],"author":[{"embeddable":true,"href":"https:\/\/www.stiz.cz\/index.php\/wp-json\/wp\/v2\/users\/1"}],"replies":[{"embeddable":true,"href":"https:\/\/www.stiz.cz\/index.php\/wp-json\/wp\/v2\/comments?post=205"}],"version-history":[{"count":68,"href":"https:\/\/www.stiz.cz\/index.php\/wp-json\/wp\/v2\/pages\/205\/revisions"}],"predecessor-version":[{"id":757,"href":"https:\/\/www.stiz.cz\/index.php\/wp-json\/wp\/v2\/pages\/205\/revisions\/757"}],"wp:attachment":[{"href":"https:\/\/www.stiz.cz\/index.php\/wp-json\/wp\/v2\/media?parent=205"}],"curies":[{"name":"wp","href":"https:\/\/api.w.org\/{rel}","templated":true}]}}