{"id":108,"date":"2020-12-03T12:24:34","date_gmt":"2020-12-03T12:24:34","guid":{"rendered":"http:\/\/www.stiz.cz\/?page_id=108"},"modified":"2022-12-06T13:32:15","modified_gmt":"2022-12-06T13:32:15","slug":"fotogalerie","status":"publish","type":"page","link":"https:\/\/www.stiz.cz\/index.php\/uvod\/fotogalerie\/","title":{"rendered":"Fotogalerie"},"content":{"rendered":"\n<h2 class=\"wp-block-heading\">Realizace ploch\u00fdch st\u0159ech syst\u00e9mem PVC f\u00f3lie<\/h2>\n\n\n\nngg_shortcode_0_placeholder\n\n\n\n<h2 class=\"wp-block-heading\">Realizace ploch\u00fdch st\u0159ech syst\u00e9mem SBS p\u00e1su<\/h2>\n\n\n\n<div class=\"wp-block-group\"><div class=\"wp-block-group__inner-container is-layout-flow wp-block-group-is-layout-flow\">\nngg_shortcode_1_placeholder\n<\/div><\/div>\n\n\n\n<h2 class=\"wp-block-heading\">Realizace hydroizolac\u00ed balk\u00f3n\u016f a teras<\/h2>\n\n\n\nngg_shortcode_2_placeholder\n\n\n\n<h2 class=\"wp-block-heading\">Realizace zateplen\u00ed budov<\/h2>\n\n\n\nngg_shortcode_3_placeholder\n\n\n\n<h2 class=\"wp-block-heading\">Hydroizolace baz\u00e9n\u016f<\/h2>\n\n\n\nngg_shortcode_4_placeholder\n","protected":false},"excerpt":{"rendered":"<p>Realizace ploch\u00fdch st\u0159ech syst\u00e9mem PVC f\u00f3lie Realizace ploch\u00fdch st\u0159ech syst\u00e9mem SBS p\u00e1su Realizace hydroizolac\u00ed balk\u00f3n\u016f a teras Realizace zateplen\u00ed budov Hydroizolace baz\u00e9n\u016f<\/p>\n","protected":false},"author":1,"featured_media":0,"parent":205,"menu_order":5,"comment_status":"closed","ping_status":"closed","template":"","meta":{"_monsterinsights_skip_tracking":false,"_monsterinsights_sitenote_active":false,"_monsterinsights_sitenote_note":"","_monsterinsights_sitenote_category":0,"neve_meta_sidebar":"full-width","neve_meta_container":"","neve_meta_enable_content_width":"on","neve_meta_content_width":100,"neve_meta_title_alignment":"","neve_meta_author_avatar":"","neve_post_elements_order":"","neve_meta_disable_header":"","neve_meta_disable_footer":"","neve_meta_disable_title":"","ngg_post_thumbnail":0,"footnotes":""},"class_list":["post-108","page","type-page","status-publish","hentry"],"_links":{"self":[{"href":"https:\/\/www.stiz.cz\/index.php\/wp-json\/wp\/v2\/pages\/108","targetHints":{"allow":["GET"]}}],"collection":[{"href":"https:\/\/www.stiz.cz\/index.php\/wp-json\/wp\/v2\/pages"}],"about":[{"href":"https:\/\/www.stiz.cz\/index.php\/wp-json\/wp\/v2\/types\/page"}],"author":[{"embeddable":true,"href":"https:\/\/www.stiz.cz\/index.php\/wp-json\/wp\/v2\/users\/1"}],"replies":[{"embeddable":true,"href":"https:\/\/www.stiz.cz\/index.php\/wp-json\/wp\/v2\/comments?post=108"}],"version-history":[{"count":39,"href":"https:\/\/www.stiz.cz\/index.php\/wp-json\/wp\/v2\/pages\/108\/revisions"}],"predecessor-version":[{"id":799,"href":"https:\/\/www.stiz.cz\/index.php\/wp-json\/wp\/v2\/pages\/108\/revisions\/799"}],"up":[{"embeddable":true,"href":"https:\/\/www.stiz.cz\/index.php\/wp-json\/wp\/v2\/pages\/205"}],"wp:attachment":[{"href":"https:\/\/www.stiz.cz\/index.php\/wp-json\/wp\/v2\/media?parent=108"}],"curies":[{"name":"wp","href":"https:\/\/api.w.org\/{rel}","templated":true}]}}